{"id":228309,"date":"2022-05-02T16:07:37","date_gmt":"2022-05-02T14:07:37","guid":{"rendered":"https:\/\/www.laviedao.com\/full-moon-meditation\/"},"modified":"2024-12-30T16:23:31","modified_gmt":"2024-12-30T15:23:31","slug":"full-moon-meditation","status":"publish","type":"page","link":"https:\/\/www.laviedao.com\/en\/full-moon-meditation\/","title":{"rendered":"Full Moon Meditation"},"content":{"rendered":"<p>[et_pb_section fb_built=&#8221;1&#8243; custom_padding_last_edited=&#8221;on|desktop&#8221; admin_label=&#8221;Hero&#8221; _builder_version=&#8221;4.16.1&#8243; _module_preset=&#8221;default&#8221; background_color=&#8221;#30205E&#8221; background_color_gradient_start=&#8221;rgba(219,199,202,0)&#8221; background_color_gradient_end=&#8221;#95c621&#8243; background_enable_image=&#8221;off&#8221; background_size=&#8221;contain&#8221; background_position=&#8221;bottom_right&#8221; overflow-x=&#8221;hidden&#8221; overflow-y=&#8221;hidden&#8221; custom_margin=&#8221;0px||||false|false&#8221; custom_padding=&#8221;46px||6vw||false|false&#8221; custom_padding_tablet=&#8221;||0vw||false|false&#8221; custom_padding_phone=&#8221;20px||43vw||false|false&#8221; top_divider_color=&#8221;#FFFFFF&#8221; top_divider_height=&#8221;51px&#8221; top_divider_arrangement=&#8221;above_content&#8221; global_colors_info=&#8221;{}&#8221;][et_pb_row _builder_version=&#8221;4.16&#8243; _module_preset=&#8221;default&#8221; global_colors_info=&#8221;{}&#8221;][et_pb_column type=&#8221;4_4&#8243; _builder_version=&#8221;4.16&#8243; _module_preset=&#8221;default&#8221; global_colors_info=&#8221;{}&#8221;][dipi_breadcrumbs bc_home_icon=&#8221;on&#8221; bc_home_color=&#8221;#FFFFFF&#8221; bc_separator_color=&#8221;#FFFFFF&#8221; bc_item_bg_color=&#8221;RGBA(255,255,255,0)&#8221; bc_active_item_color=&#8221;RGBA(255,255,255,0)&#8221; _builder_version=&#8221;4.17.3&#8243; _module_preset=&#8221;default&#8221; items_text_color=&#8221;#FFFFFF&#8221; active_text_color=&#8221;#b651ff&#8221; global_colors_info=&#8221;{}&#8221;][\/dipi_breadcrumbs][et_pb_image src=&#8221;https:\/\/www.laviedao.com\/wp-content\/uploads\/2023\/10\/dodecaedre-metal.png&#8221; title_text=&#8221;Dodecahedron-metal&#8221; align=&#8221;right&#8221; align_tablet=&#8221;center&#8221; align_phone=&#8221;center&#8221; align_last_edited=&#8221;on|desktop&#8221; _builder_version=&#8221;4.18.0&#8243; positioning=&#8221;relative&#8221; position_origin_f=&#8221;top_center&#8221; position_origin_r=&#8221;top_right&#8221; vertical_offset=&#8221;26%&#8221; horizontal_offset=&#8221;-10%&#8221; vertical_offset_tablet=&#8221;26%&#8221; vertical_offset_phone=&#8221;281%&#8221; vertical_offset_last_edited=&#8221;on|phone&#8221; horizontal_offset_tablet=&#8221;-10%&#8221; horizontal_offset_phone=&#8221;-37%&#8221; horizontal_offset_last_edited=&#8221;on|phone&#8221; position_origin_a_tablet=&#8221;&#8221; position_origin_a_phone=&#8221;&#8221; position_origin_a_last_edited=&#8221;on|phone&#8221; position_origin_f_tablet=&#8221;top_center&#8221; position_origin_f_phone=&#8221;top_center&#8221; position_origin_f_last_edited=&#8221;on|phone&#8221; position_origin_r_tablet=&#8221;top_right&#8221; position_origin_r_phone=&#8221;top_right&#8221; position_origin_r_last_edited=&#8221;on|phone&#8221; width=&#8221;11%&#8221; width_tablet=&#8221;16%&#8221; width_phone=&#8221;25%&#8221; width_last_edited=&#8221;on|phone&#8221; module_alignment=&#8221;right&#8221; custom_margin=&#8221;0px||||false|false&#8221; custom_margin_tablet=&#8221;|0px|||false|false&#8221; custom_margin_phone=&#8221;|0px|||false|false&#8221; custom_margin_last_edited=&#8221;on|tablet&#8221; custom_padding=&#8221;0px|20px|||false|false&#8221; animation_style=&#8221;fade&#8221; positioning_tablet=&#8221;relative&#8221; positioning_phone=&#8221;relative&#8221; positioning_last_edited=&#8221;on|phone&#8221; z_index_tablet=&#8221;&#8221; z_index_phone=&#8221;29&#8243; z_index_last_edited=&#8221;on|phone&#8221; module_alignment_tablet=&#8221;right&#8221; module_alignment_phone=&#8221;center&#8221; module_alignment_last_edited=&#8221;on|phone&#8221; locked=&#8221;off&#8221; global_colors_info=&#8221;{}&#8221;][\/et_pb_image][\/et_pb_column][\/et_pb_row][et_pb_row _builder_version=&#8221;4.16.1&#8243; _module_preset=&#8221;default&#8221; global_colors_info=&#8221;{}&#8221;][et_pb_column type=&#8221;4_4&#8243; _builder_version=&#8221;4.16&#8243; _module_preset=&#8221;default&#8221; global_colors_info=&#8221;{}&#8221;][et_pb_text _builder_version=&#8221;4.16.1&#8243; _module_preset=&#8221;default&#8221; header_3_font=&#8221;|700|||||||&#8221; header_4_font=&#8221;Satisfy|300|||||||&#8221; header_4_text_color=&#8221;#FFFFFF&#8221; header_4_font_size=&#8221;32px&#8221; custom_margin=&#8221;-34px|||||&#8221; custom_padding=&#8221;0px|||||&#8221; global_colors_info=&#8221;{}&#8221;]<\/p>\n<h4 style=\"text-align: center\">Full Moon Meditation<\/h4>\n<p>[\/et_pb_text][\/et_pb_column][\/et_pb_row][et_pb_row column_structure=&#8221;2_5,3_5&#8243; _builder_version=&#8221;4.16&#8243; _module_preset=&#8221;default&#8221; global_colors_info=&#8221;{}&#8221;][et_pb_column type=&#8221;2_5&#8243; _builder_version=&#8221;4.16&#8243; _module_preset=&#8221;default&#8221; global_colors_info=&#8221;{}&#8221;][et_pb_image src=&#8221;https:\/\/www.laviedao.com\/wp-content\/uploads\/2024\/12\/earth_moon-5.png&#8221; title_text=&#8221;earth_moon-5&#8243; _builder_version=&#8221;4.27.4&#8243; _module_preset=&#8221;default&#8221; width=&#8221;64%&#8221; width_tablet=&#8221;34%&#8221; width_phone=&#8221;62%&#8221; width_last_edited=&#8221;on|tablet&#8221; module_alignment=&#8221;center&#8221; min_height_tablet=&#8221;&#8221; min_height_phone=&#8221;&#8221; min_height_last_edited=&#8221;on|tablet&#8221; animation_style=&#8221;zoom&#8221; animation_direction=&#8221;left&#8221; border_radii=&#8221;on|23px|23px|23px|23px&#8221; global_colors_info=&#8221;{}&#8221;][\/et_pb_image][\/et_pb_column][et_pb_column type=&#8221;3_5&#8243; _builder_version=&#8221;4.16&#8243; _module_preset=&#8221;default&#8221; global_colors_info=&#8221;{}&#8221;][et_pb_text admin_label=&#8221;texte r1&#8243; _builder_version=&#8221;4.16.1&#8243; _module_preset=&#8221;default&#8221; text_font=&#8221;Rubik||||||||&#8221; text_text_color=&#8221;#FFFFFF&#8221; text_font_size=&#8221;18px&#8221; text_line_height=&#8221;1.4em&#8221; header_font=&#8221;Rubik||||||||&#8221; header_text_align=&#8221;center&#8221; header_text_color=&#8221;#000645&#8243; header_font_size=&#8221;72px&#8221; header_line_height=&#8221;1.3em&#8221; header_2_font=&#8221;Satisfy|300|||||||&#8221; header_2_text_color=&#8221;#FFFFFF&#8221; header_2_font_size=&#8221;30px&#8221; header_2_line_height=&#8221;1.2em&#8221; header_3_text_color=&#8221;#AE9961&#8243; header_3_font_size=&#8221;20px&#8221; module_alignment=&#8221;center&#8221; custom_margin=&#8221;1px||2px||false|false&#8221; animation_direction=&#8221;left&#8221; text_font_size_tablet=&#8221;16px&#8221; text_font_size_phone=&#8221;14px&#8221; text_font_size_last_edited=&#8221;on|tablet&#8221; header_font_size_tablet=&#8221;48px&#8221; header_font_size_phone=&#8221;34px&#8221; header_font_size_last_edited=&#8221;on|phone&#8221; custom_css_main_element=&#8221;font-weight: 400;&#8221; global_colors_info=&#8221;{}&#8221;]<\/p>\n<h3 style=\"text-align: left\">Theoretical reminders<\/h3>\n<ul>\n<li>Being tuned with the FM allow us to receive information ( that changes every 2 hours)<\/li>\n<li>Relying on the current year hexagram make us synchronized<\/li>\n<li>We use a selenite wand as an antenna to amplify the signal. It is also be taken as a balancing approach energy wise<\/li>\n<\/ul>\n<p>&nbsp;<\/p>\n<h3>Postural component<\/h3>\n<p>either sit on the floor (it&#8217;s better if you can), or on a chair.<\/p>\n<ul>\n<li>back straight, tailbone free, knees supported if necessary (when on the ground).<\/li>\n<li>teeth loosened, lips in light contact, root of tongue (throat height) relaxed, chin slightly towards the chest.<\/li>\n<li>a smile is waved.<\/li>\n<li>remember to &#8216;erase&#8217; the intensity accumulated when setting up the instructions (shoulders down, lumbar belt well in place, diaphragm free)<\/li>\n<\/ul>\n<p>&nbsp;<\/p>\n<h3>Respiratory component<\/h3>\n<ul>\n<li>free up the intestines and bladder.<\/li>\n<li>empty the stomach.<\/li>\n<li>sweep the central axis up and down with fingers pointing towards the body (as in the digestion phase).<\/li>\n<li>put on glasses, watches, loosen belts.<\/li>\n<li>relieve congestion in the throat (sigh, exhale, scrape, etc.)<\/li>\n<\/ul>\n<p>&nbsp;<\/p>\n<h3>Mental component<\/h3>\n<ul>\n<li>we remember Chi&#8217;s constant support.<\/li>\n<li>we see ourselves as a cell\/unit of a larger group ( approx. 120).<\/li>\n<li>you make a contribution (however modest) and receive something in return.<\/li>\n<\/ul>\n<p>&nbsp;<\/p>\n<p>[\/et_pb_text][et_pb_text admin_label=&#8221;texte r1&#8243; module_id=&#8221;lune&#8221; _builder_version=&#8221;4.27.4&#8243; _module_preset=&#8221;default&#8221; text_font=&#8221;Rubik||||||||&#8221; text_text_color=&#8221;#FFFFFF&#8221; text_font_size=&#8221;18px&#8221; text_line_height=&#8221;1.4em&#8221; header_font=&#8221;Rubik||||||||&#8221; header_text_align=&#8221;center&#8221; header_text_color=&#8221;#000645&#8243; header_font_size=&#8221;72px&#8221; header_line_height=&#8221;1.3em&#8221; header_2_font=&#8221;Satisfy|300|||||||&#8221; header_2_text_color=&#8221;#FFFFFF&#8221; header_2_font_size=&#8221;30px&#8221; header_2_line_height=&#8221;1.2em&#8221; header_3_text_color=&#8221;#AE9961&#8243; header_3_font_size=&#8221;20px&#8221; module_alignment=&#8221;center&#8221; custom_margin=&#8221;1px||2px||false|false&#8221; animation_direction=&#8221;left&#8221; hover_enabled=&#8221;0&#8243; text_font_size_tablet=&#8221;16px&#8221; text_font_size_phone=&#8221;14px&#8221; text_font_size_last_edited=&#8221;on|tablet&#8221; header_font_size_tablet=&#8221;48px&#8221; header_font_size_phone=&#8221;34px&#8221; header_font_size_last_edited=&#8221;on|phone&#8221; custom_css_main_element=&#8221;font-weight: 400;&#8221; global_colors_info=&#8221;{}&#8221; sticky_enabled=&#8221;0&#8243;]<\/p>\n<h3>Personal adjustment<\/h3>\n<ul>\n<li style=\"list-style-type: none;\">\n<ul>\n<li>we accept the idea of the Hexagram 5 <span style=\"color: #ae9961;\"><b>Patience, <\/b><\/span>hovering aboutone fist above the skull\u00a0 :\u00a0<\/li>\n<\/ul>\n<\/li>\n<\/ul>\n<p style=\"text-align: center;\"><img loading=\"lazy\" decoding=\"async\" src=\"https:\/\/www.laviedao.com\/wp-content\/uploads\/2024\/12\/hexagrame-5-3.png\" width=\"240\" height=\"309\" alt=\"\" class=\"wp-image-230779 alignnone size-full\" srcset=\"https:\/\/www.laviedao.com\/wp-content\/uploads\/2024\/12\/hexagrame-5-3.png 240w, https:\/\/www.laviedao.com\/wp-content\/uploads\/2024\/12\/hexagrame-5-3-233x300.png 233w\" sizes=\"(max-width: 240px) 100vw, 240px\" \/><\/p>\n<p><span style=\"font-size: 18px;\">Just listen to your feed back with neither expectations nor judmental approach.<\/span><\/p>\n<p>&nbsp;<\/p>\n<p>&nbsp;<\/p>\n<h3>Ending procedure (anytime you quit)<\/h3>\n<ul>\n<li>focus the Chi in the lower Dan Tian\u00a0 (except for woman in period or pregnant, focus on the middle Dan Tian Moyen).<\/li>\n<li>get out smoothly<\/li>\n<li>do some free adjusments as you feel.<\/li>\n<li>massage the temple point with middle fingers pad.<\/li>\n<li>open the eyes whenver it is comfortable.<\/li>\n<li>watch your inner state.<\/li>\n<\/ul>\n<p>&nbsp;<\/p>\n<p>[\/et_pb_text][\/et_pb_column][\/et_pb_row][et_pb_row _builder_version=&#8221;4.16.1&#8243; _module_preset=&#8221;default&#8221; custom_margin=&#8221;|auto|8px|auto||&#8221; custom_padding=&#8221;4px||3px|||&#8221; global_colors_info=&#8221;{}&#8221;][et_pb_column type=&#8221;4_4&#8243; _builder_version=&#8221;4.16&#8243; _module_preset=&#8221;default&#8221; global_colors_info=&#8221;{}&#8221;][et_pb_text module_id=&#8221;#lune&#8221; _builder_version=&#8221;4.17.3&#8243; _module_preset=&#8221;default&#8221; text_font=&#8221;||||||||&#8221; text_text_color=&#8221;#AE9961&#8243; text_font_size=&#8221;18px&#8221; header_2_font_size=&#8221;21px&#8221; custom_margin=&#8221;107px|||||&#8221; custom_margin_tablet=&#8221;107px|||||&#8221; custom_margin_phone=&#8221;50px||||false|false&#8221; custom_margin_last_edited=&#8221;on|phone&#8221; global_colors_info=&#8221;{}&#8221;]<\/p>\n<h2 style=\"text-align: center\"><strong>Would you like to take part in Full Moon Meditations?<\/strong><\/h2>\n<p style=\"text-align: center\">Fill in the form below and you&#8217;ll receive a link to log in. It&#8217;s free!<\/p>\n<p>[\/et_pb_text][\/et_pb_column][\/et_pb_row][\/et_pb_section][et_pb_section fb_built=&#8221;1&#8243; module_id=&#8221;Moon&#8221; _builder_version=&#8221;4.16.1&#8243; _module_preset=&#8221;default&#8221; background_image=&#8221;https:\/\/www.laviedao.com\/wp-content\/uploads\/2022\/03\/AdobeStock_84698832-scaled.jpeg&#8221; parallax=&#8221;on&#8221; saved_tabs=&#8221;all&#8221; locked=&#8221;off&#8221; global_colors_info=&#8221;{}&#8221;][et_pb_row _builder_version=&#8221;4.23.1&#8243; _module_preset=&#8221;default&#8221; custom_margin=&#8221;87px|auto|112px|auto||&#8221; locked=&#8221;off&#8221; global_colors_info=&#8221;{}&#8221;][et_pb_column type=&#8221;4_4&#8243; _builder_version=&#8221;4.16.1&#8243; _module_preset=&#8221;default&#8221; global_colors_info=&#8221;{}&#8221;][et_pb_signup mailchimp_list=&#8221;a347db128e&#8221; title=&#8221;Newsletter&#8221; button_text=&#8221;Je m&#8217;inscris&#8221; description=&#8221;<\/p>\n<p><strong>M\u00e9ditation Pleine Lune, Stages, Boosts Energ\u00e9tiques, Feuilles de route&#8230;<\/strong><\/p>\n<p>Vous souhaitez recevoir les informations des \u00e9v\u00e8nements \u00e0 venir ?<\/p>\n<p><span>Inscrivez vous ici :<\/span><\/p>\n<\/p>\n<p>&#8221; _builder_version=&#8221;4.23.1&#8243; _module_preset=&#8221;default&#8221; header_level=&#8221;h3&#8243; header_font=&#8221;Satisfy|700|||||||&#8221; header_text_align=&#8221;center&#8221; header_text_color=&#8221;#FFFFFF&#8221; header_font_size=&#8221;38px&#8221; header_line_height=&#8221;2.7em&#8221; body_font_size=&#8221;17px&#8221; background_color=&#8221;#AE9961&#8243; custom_button=&#8221;on&#8221; button_border_radius=&#8221;15px&#8221; border_radii=&#8221;on|20px|20px|20px|20px&#8221; global_colors_info=&#8221;{}&#8221;][\/et_pb_signup][et_pb_image src=&#8221;https:\/\/www.laviedao.com\/wp-content\/uploads\/2024\/12\/earth_moon-5.png&#8221; title_text=&#8221;earth_moon-5&#8243; url=&#8221;@ET-DC@eyJkeW5hbWljIjp0cnVlLCJjb250ZW50IjoicG9zdF9saW5rX3VybF9wYWdlIiwic2V0dGluZ3MiOnsicG9zdF9pZCI6IjIyNDE3OSJ9fQ==@&#8221; align=&#8221;center&#8221; admin_label=&#8221;lune ok&#8221; _builder_version=&#8221;4.27.4&#8243; _dynamic_attributes=&#8221;url&#8221; _module_preset=&#8221;default&#8221; width=&#8221;18%&#8221; width_tablet=&#8221;46%&#8221; width_phone=&#8221;62%&#8221; width_last_edited=&#8221;on|phone&#8221; module_alignment=&#8221;left&#8221; max_height_tablet=&#8221;600px&#8221; max_height_phone=&#8221;600px&#8221; max_height_last_edited=&#8221;on|phone&#8221; custom_margin=&#8221;-44px|-4vw|||false|false&#8221; custom_margin_tablet=&#8221;|0vw|||false|false&#8221; custom_margin_phone=&#8221;&#8221; custom_margin_last_edited=&#8221;on|phone&#8221; scroll_vertical_motion_enable=&#8221;on&#8221; scroll_vertical_motion=&#8221;0|50|50|100|2|0|-2&#8243; motion_trigger_start=&#8221;top&#8221; scroll_vertical_motion_tablet=&#8221;0|50|50|100|0|0|0&#8243; scroll_vertical_motion_phone=&#8221;&#8221; scroll_vertical_motion_last_edited=&#8221;on|tablet&#8221; locked=&#8221;off&#8221; global_colors_info=&#8221;{}&#8221;][\/et_pb_image][\/et_pb_column][\/et_pb_row][\/et_pb_section]<\/p>\n","protected":false},"excerpt":{"rendered":"<p><div class=\"et_pb_module dipi_breadcrumbs dipi_breadcrumbs_0\">\n\t\t\t\t\n\t\t\t\t\n\t\t\t\t\n\t\t\t\t\n\t\t\t\t\n\t\t\t\t\n\t\t\t\t<div class=\"et_pb_module_inner\">\n\t\t\t\t\t<div class=\"dipi-breadcrumbs dipi-bc-left\">\n                <ul >\n                    \n                                                        <li  class=\"dipi-breadcrumb-item dipi-breadcrumb-home\">\n\n                                                    <a  href=\"https:\/\/www.laviedao.com\/en\/\">\n                                <span  content=\"Home\">\n                                    <span class=\"et-pb-icon dipi-home-icon\"><\/span>                                    La Vie Dao                                <\/span>\n                            <\/a>\n\n                                                <meta itemprop=\"position\" content=\"1\"\/>                    <\/li>\n\n                    <li class=\"dipi-breadcrumb-separator\">\n                    <span class=\"et-pb-icon dipi-separator-icon\">$<\/span>\n                <\/li>                            \n                <\/ul>\n            <\/div>\n\t\t\t\t<\/div>\n\t\t\t<\/div>Full Moon MeditationTheoretical reminders Being tuned with the FM allow us to receive information ( that changes every 2 hours) Relying on the current year hexagram make us synchronized We use a selenite wand as an antenna to amplify the signal. It is also be [&hellip;]<\/p>\n","protected":false},"author":4,"featured_media":0,"parent":0,"menu_order":0,"comment_status":"closed","ping_status":"closed","template":"","meta":{"_et_pb_use_builder":"on","_et_pb_old_content":"","_et_gb_content_width":"","footnotes":""},"dipi_cpt_category":[],"class_list":["post-228309","page","type-page","status-publish","hentry"],"_links":{"self":[{"href":"https:\/\/www.laviedao.com\/en\/wp-json\/wp\/v2\/pages\/228309","targetHints":{"allow":["GET"]}}],"collection":[{"href":"https:\/\/www.laviedao.com\/en\/wp-json\/wp\/v2\/pages"}],"about":[{"href":"https:\/\/www.laviedao.com\/en\/wp-json\/wp\/v2\/types\/page"}],"author":[{"embeddable":true,"href":"https:\/\/www.laviedao.com\/en\/wp-json\/wp\/v2\/users\/4"}],"replies":[{"embeddable":true,"href":"https:\/\/www.laviedao.com\/en\/wp-json\/wp\/v2\/comments?post=228309"}],"version-history":[{"count":16,"href":"https:\/\/www.laviedao.com\/en\/wp-json\/wp\/v2\/pages\/228309\/revisions"}],"predecessor-version":[{"id":230806,"href":"https:\/\/www.laviedao.com\/en\/wp-json\/wp\/v2\/pages\/228309\/revisions\/230806"}],"wp:attachment":[{"href":"https:\/\/www.laviedao.com\/en\/wp-json\/wp\/v2\/media?parent=228309"}],"wp:term":[{"taxonomy":"dipi_cpt_category","embeddable":true,"href":"https:\/\/www.laviedao.com\/en\/wp-json\/wp\/v2\/dipi_cpt_category?post=228309"}],"curies":[{"name":"wp","href":"https:\/\/api.w.org\/{rel}","templated":true}]}}