{"id":21244550,"date":"2025-07-10T13:54:09","date_gmt":"2025-07-10T11:54:09","guid":{"rendered":"https:\/\/www.laviedao.com\/?post_type=product&#038;p=21244550"},"modified":"2025-02-16T00:21:59","modified_gmt":"2025-02-15T23:21:59","slug":"book-integrity-my-beloved","status":"publish","type":"product","link":"https:\/\/www.laviedao.com\/en\/product\/book-integrity-my-beloved\/","title":{"rendered":"Book Integrity, my beloved"},"content":{"rendered":"<p>[et_pb_section fb_built=&#8221;1&#8243; _builder_version=&#8221;4.17.3&#8243; custom_margin=&#8221;||||false|false&#8221; custom_padding=&#8221;||||false|false&#8221; global_colors_info=&#8221;{}&#8221;][et_pb_row _builder_version=&#8221;4.16&#8243; background_size=&#8221;initial&#8221; background_position=&#8221;top_left&#8221; background_repeat=&#8221;repeat&#8221; width=&#8221;100%&#8221; custom_padding=&#8221;0px||0px||false|false&#8221; global_colors_info=&#8221;{}&#8221;][et_pb_column type=&#8221;4_4&#8243; _builder_version=&#8221;4.16&#8243; custom_padding=&#8221;|||&#8221; global_colors_info=&#8221;{}&#8221; custom_padding__hover=&#8221;|||&#8221;][et_pb_text _builder_version=&#8221;4.23.4&#8243; text_font=&#8221;||||||||&#8221; text_text_color=&#8221;#A71737&#8243; header_font=&#8221;Satisfy||||||||&#8221; header_text_color=&#8221;#A71737&#8243; header_font_size=&#8221;38px&#8221; header_line_height=&#8221;1.3em&#8221; custom_margin=&#8221;0px||27px||false|false&#8221; custom_padding=&#8221;0px||||false|false&#8221; animation_style=&#8221;fade&#8221; text_font_size_tablet=&#8221;&#8221; text_font_size_phone=&#8221;13px&#8221; text_font_size_last_edited=&#8221;on|phone&#8221; header_font_size_tablet=&#8221;70px&#8221; header_font_size_phone=&#8221;50px&#8221; header_font_size_last_edited=&#8221;on|phone&#8221; locked=&#8221;off&#8221; global_colors_info=&#8221;{}&#8221;]<\/p>\n<h1>Book<\/h1>\n<p>[\/et_pb_text][et_pb_wc_cart_notice _builder_version=&#8221;4.23.4&#8243; border_radii=&#8221;on|10px|10px|10px|10px&#8221; global_colors_info=&#8221;{}&#8221;][\/et_pb_wc_cart_notice][\/et_pb_column][\/et_pb_row][et_pb_row column_structure=&#8221;2_5,3_5&#8243; _builder_version=&#8221;4.16&#8243; background_size=&#8221;initial&#8221; background_position=&#8221;top_left&#8221; background_repeat=&#8221;repeat&#8221; width=&#8221;100%&#8221; custom_padding=&#8221;0px||||false|false&#8221; global_colors_info=&#8221;{}&#8221;][et_pb_column type=&#8221;2_5&#8243; _builder_version=&#8221;4.16&#8243; custom_padding=&#8221;|||&#8221; global_colors_info=&#8221;{}&#8221; custom_padding__hover=&#8221;|||&#8221;][et_pb_wc_images _builder_version=&#8221;4.23.4&#8243; border_radii=&#8221;on|19px|19px|19px|19px&#8221; global_colors_info=&#8221;{}&#8221;][\/et_pb_wc_images][\/et_pb_column][et_pb_column type=&#8221;3_5&#8243; _builder_version=&#8221;4.16&#8243; custom_padding=&#8221;|||&#8221; global_colors_info=&#8221;{}&#8221; custom_padding__hover=&#8221;|||&#8221;][et_pb_wc_title _builder_version=&#8221;4.27.4&#8243; header_font_size=&#8221;26px&#8221; global_colors_info=&#8221;{}&#8221;][\/et_pb_wc_title][et_pb_wc_description _builder_version=&#8221;4.27.4&#8243; global_colors_info=&#8221;{}&#8221;][\/et_pb_wc_description][et_pb_wc_price _builder_version=&#8221;4.23.4&#8243; global_colors_info=&#8221;{}&#8221;][\/et_pb_wc_price][et_pb_wc_add_to_cart _builder_version=&#8221;4.23.4&#8243; global_colors_info=&#8221;{}&#8221;][\/et_pb_wc_add_to_cart][et_pb_wc_meta _builder_version=&#8221;4.23.4&#8243; global_colors_info=&#8221;{}&#8221;][\/et_pb_wc_meta][\/et_pb_column][\/et_pb_row][et_pb_row _builder_version=&#8221;4.16&#8243; background_size=&#8221;initial&#8221; background_position=&#8221;top_left&#8221; background_repeat=&#8221;repeat&#8221; width=&#8221;100%&#8221; global_colors_info=&#8221;{}&#8221;][et_pb_column type=&#8221;4_4&#8243; _builder_version=&#8221;4.16&#8243; custom_padding=&#8221;|||&#8221; global_colors_info=&#8221;{}&#8221; custom_padding__hover=&#8221;|||&#8221;][et_pb_wc_tabs _builder_version=&#8221;4.23.4&#8243; border_radii=&#8221;off|20px|20px||&#8221; global_colors_info=&#8221;{}&#8221;] [\/et_pb_wc_tabs][et_pb_wc_upsells product=&#8221;latest&#8221; _builder_version=&#8221;4.18.0&#8243; _module_preset=&#8221;default&#8221; title_line_height=&#8221;2.5em&#8221; product_title_font=&#8221;|600|||||||&#8221; product_title_font_size=&#8221;16px&#8221; product_title_line_height=&#8221;1.1em&#8221; price_font_size=&#8221;15px&#8221; border_radii=&#8221;off|20px|20px||&#8221; global_colors_info=&#8221;{}&#8221;][\/et_pb_wc_upsells][\/et_pb_column][\/et_pb_row][\/et_pb_section]<\/p>\n","protected":false},"excerpt":{"rendered":"<p><img loading=\"lazy\" decoding=\"async\" class=\"alignnone wp-image-226070\" src=\"https:\/\/www.laviedao.com\/wp-content\/uploads\/2022\/10\/feu-formegeo.png\" alt=\"\" width=\"29\" height=\"25\" \/> <strong><span style=\"color: #c7222a;\">Energy boost for ascension<\/span><\/strong><\/p>\n<p><span style=\"color: #333333;\">Book, 52 pages<br \/>\nSize : 16 x 23 cm<\/span><\/p>\n","protected":false},"featured_media":21245592,"template":"","meta":{"_et_pb_use_builder":"on","_et_pb_old_content":"<h4 class=\"et_pb_module_header\"><span style=\"color: #e61212\"><b>Support for Practice<\/b><\/span><\/h4>\r\n<div class=\"et_pb_module et_pb_text et_pb_text_2 et_pb_text_align_left et_pb_bg_layout_light\">\r\n<div class=\"et_pb_text_inner\">\r\n\r\n<img class=\"alignnone size-full wp-image-223157 aligncenter\" src=\"https:\/\/www.laviedao.com\/wp-content\/uploads\/2022\/03\/picto.jpg\" alt=\"\" width=\"260\" height=\"229\" \/>\r\n\r\n<\/div>\r\n<\/div>\r\n<p style=\"text-align: center\">\u25cf\u25cf\u25cf\u25cf<\/p>\r\n<p class=\"p1\"><strong>\u2018Integrity, my beloved\u2019 <\/strong>echoes the author's hobbyhorse, who for over thirty years has tirelessly striven to highlight his top priority: integrity.<\/p>\r\n<p class=\"p1\">In this book, where poetic form meets substance, Erwann Le Moigne sheds light on the role of partner on our journey. In synchronicity with the energetic and informational turning point represented by the entry into the year of the Wood Snake and continuing until the end of that of the Fire Goat, we have a unique opportunity to seize and revisit this concept on every level.<\/p>\r\n<p class=\"p1\">\u2018Int\u00e9grit\u00e9, ma bien-aim\u00e9e\u2019 (Integrity, my beloved), from its own angle, sheds complementary light on the contributions of the other books: Du De au Dao, Anatomie Energ\u00e9tiquement Po\u00e9tique, M\u00e9mento pour les Nouveaux Portails, S\u00e9rie Fantastique.<\/p>","_et_gb_content_width":""},"product_brand":[],"product_cat":[82,132,101],"product_tag":[111],"class_list":{"0":"post-21244550","1":"product","2":"type-product","3":"status-publish","4":"has-post-thumbnail","6":"product_cat-autumn","7":"product_cat-book","8":"product_cat-energy-boost","9":"product_tag-immunity","11":"first","12":"instock","13":"featured","14":"shipping-taxable","15":"purchasable","16":"product-type-simple"},"_links":{"self":[{"href":"https:\/\/www.laviedao.com\/en\/wp-json\/wp\/v2\/product\/21244550","targetHints":{"allow":["GET"]}}],"collection":[{"href":"https:\/\/www.laviedao.com\/en\/wp-json\/wp\/v2\/product"}],"about":[{"href":"https:\/\/www.laviedao.com\/en\/wp-json\/wp\/v2\/types\/product"}],"wp:featuredmedia":[{"embeddable":true,"href":"https:\/\/www.laviedao.com\/en\/wp-json\/wp\/v2\/media\/21245592"}],"wp:attachment":[{"href":"https:\/\/www.laviedao.com\/en\/wp-json\/wp\/v2\/media?parent=21244550"}],"wp:term":[{"taxonomy":"product_brand","embeddable":true,"href":"https:\/\/www.laviedao.com\/en\/wp-json\/wp\/v2\/product_brand?post=21244550"},{"taxonomy":"product_cat","embeddable":true,"href":"https:\/\/www.laviedao.com\/en\/wp-json\/wp\/v2\/product_cat?post=21244550"},{"taxonomy":"product_tag","embeddable":true,"href":"https:\/\/www.laviedao.com\/en\/wp-json\/wp\/v2\/product_tag?post=21244550"}],"curies":[{"name":"wp","href":"https:\/\/api.w.org\/{rel}","templated":true}]}}