{"id":228707,"date":"2022-11-28T15:44:38","date_gmt":"2022-11-28T14:44:38","guid":{"rendered":"https:\/\/www.laviedao.com\/?post_type=product&#038;p=228707"},"modified":"2024-01-13T10:55:17","modified_gmt":"2024-01-13T09:55:17","slug":"rainbows-practice","status":"publish","type":"product","link":"https:\/\/www.laviedao.com\/en\/product\/rainbows-practice\/","title":{"rendered":"Rainbows practice"},"content":{"rendered":"<p>[et_pb_section fb_built=&#8221;1&#8243; _builder_version=&#8221;4.16&#8243; custom_padding=&#8221;0px||||false|false&#8221; global_colors_info=&#8221;{}&#8221;][et_pb_row _builder_version=&#8221;4.16&#8243; background_size=&#8221;initial&#8221; background_position=&#8221;top_left&#8221; background_repeat=&#8221;repeat&#8221; width=&#8221;100%&#8221; custom_padding=&#8221;0px||0px||false|false&#8221; global_colors_info=&#8221;{}&#8221;][et_pb_column type=&#8221;4_4&#8243; _builder_version=&#8221;4.16&#8243; custom_padding=&#8221;|||&#8221; global_colors_info=&#8221;{}&#8221; custom_padding__hover=&#8221;|||&#8221;][et_pb_wc_breadcrumb _builder_version=&#8221;4.16&#8243; global_colors_info=&#8221;{}&#8221;][\/et_pb_wc_breadcrumb][et_pb_text _builder_version=&#8221;4.18.0&#8243; text_font=&#8221;||||||||&#8221; header_font=&#8221;Satisfy||||||||&#8221; header_text_color=&#8221;#54C453&#8243; header_font_size=&#8221;70px&#8221; header_line_height=&#8221;1.3em&#8221; custom_margin=&#8221;0px||27px||false|false&#8221; custom_padding=&#8221;0px||||false|false&#8221; animation_style=&#8221;fade&#8221; text_font_size_tablet=&#8221;&#8221; text_font_size_phone=&#8221;13px&#8221; text_font_size_last_edited=&#8221;on|phone&#8221; header_font_size_tablet=&#8221;70px&#8221; header_font_size_phone=&#8221;50px&#8221; header_font_size_last_edited=&#8221;on|phone&#8221; locked=&#8221;off&#8221; global_colors_info=&#8221;{}&#8221;]<\/p>\n<h1>Workshop<\/h1>\n<p>[\/et_pb_text][et_pb_wc_cart_notice product=&#8221;227689&#8243; _builder_version=&#8221;4.18.0&#8243; global_colors_info=&#8221;{}&#8221;][\/et_pb_wc_cart_notice][\/et_pb_column][\/et_pb_row][et_pb_row column_structure=&#8221;1_2,1_2&#8243; _builder_version=&#8221;4.16&#8243; background_size=&#8221;initial&#8221; background_position=&#8221;top_left&#8221; background_repeat=&#8221;repeat&#8221; width=&#8221;100%&#8221; custom_padding=&#8221;0px||||false|false&#8221; global_colors_info=&#8221;{}&#8221;][et_pb_column type=&#8221;1_2&#8243; _builder_version=&#8221;4.16&#8243; custom_padding=&#8221;|||&#8221; global_colors_info=&#8221;{}&#8221; custom_padding__hover=&#8221;|||&#8221;][et_pb_wc_images product=&#8221;228706&#8243; _builder_version=&#8221;4.23.1&#8243; global_colors_info=&#8221;{}&#8221;][\/et_pb_wc_images][\/et_pb_column][et_pb_column type=&#8221;1_2&#8243; _builder_version=&#8221;4.16&#8243; custom_padding=&#8221;|||&#8221; global_colors_info=&#8221;{}&#8221; custom_padding__hover=&#8221;|||&#8221;][et_pb_wc_title product=&#8221;228707&#8243; _builder_version=&#8221;4.23.1&#8243; global_colors_info=&#8221;{}&#8221;][\/et_pb_wc_title][et_pb_button button_url=&#8221;@ET-DC@eyJkeW5hbWljIjp0cnVlLCJjb250ZW50IjoicG9zdF9saW5rX3VybF9wcm9qZWN0Iiwic2V0dGluZ3MiOnsicG9zdF9pZCI6IjIyODg0MiJ9fQ==@&#8221; button_text=&#8221;Voir le d\u00e9tail du stage&#8221; button_text_tablet=&#8221;Voir le d\u00e9tail du stage&#8221; button_text_phone=&#8221;Voir le d\u00e9tail du stage&#8221; button_text_last_edited=&#8221;on|desktop&#8221; admin_label=&#8221;Voir le d\u00e9tail du stage&#8221; _builder_version=&#8221;4.23.1&#8243; _dynamic_attributes=&#8221;button_url&#8221; _module_preset=&#8221;default&#8221; custom_button=&#8221;on&#8221; button_text_size=&#8221;16px&#8221; locked=&#8221;off&#8221; global_colors_info=&#8221;{}&#8221; button_text__hover_enabled=&#8221;on|desktop&#8221; button_text__hover=&#8221;Voir le d\u00e9tail du stage&#8221;][\/et_pb_button][et_pb_wc_description product=&#8221;228707&#8243; _builder_version=&#8221;4.23.1&#8243; global_colors_info=&#8221;{}&#8221;][\/et_pb_wc_description][et_pb_wc_price product=&#8221;228706&#8243; _builder_version=&#8221;4.23.1&#8243; global_colors_info=&#8221;{}&#8221;][\/et_pb_wc_price][et_pb_wc_add_to_cart product=&#8221;228706&#8243; show_quantity=&#8221;off&#8221; _builder_version=&#8221;4.23.1&#8243; global_colors_info=&#8221;{}&#8221;][\/et_pb_wc_add_to_cart][\/et_pb_column][\/et_pb_row][et_pb_row _builder_version=&#8221;4.16&#8243; background_size=&#8221;initial&#8221; background_position=&#8221;top_left&#8221; background_repeat=&#8221;repeat&#8221; width=&#8221;100%&#8221; global_colors_info=&#8221;{}&#8221;][et_pb_column type=&#8221;4_4&#8243; _builder_version=&#8221;4.16&#8243; custom_padding=&#8221;|||&#8221; global_colors_info=&#8221;{}&#8221; custom_padding__hover=&#8221;|||&#8221;][et_pb_wc_upsells _builder_version=&#8221;4.17.3&#8243; _module_preset=&#8221;default&#8221; title_font_size=&#8221;27px&#8221; product_title_font_size=&#8221;17px&#8221; border_radii=&#8221;off|19px|19px||&#8221; global_colors_info=&#8221;{}&#8221;][\/et_pb_wc_upsells][\/et_pb_column][\/et_pb_row][\/et_pb_section]<\/p>\n","protected":false},"excerpt":{"rendered":"<div class=\"et_pb_module et_pb_text et_pb_text_2 et_pb_text_align_left et_pb_bg_layout_light\">\n<div class=\"et_pb_text_inner\">\n<h4 class=\"et_pb_module_header\"><strong style=\"font-size: 22px;\">October 21st-24th, 2021<\/strong><\/h4>\n<p>From 9:30 a.m. to 5:30 p.m.<\/p>\n<p><em><br \/>\n<\/em> <strong><img loading=\"lazy\" decoding=\"async\" class=\"alignnone wp-image-226071\" src=\"https:\/\/www.laviedao.com\/wp-content\/uploads\/2022\/10\/octaedre-bois.png\" alt=\"\" width=\"22\" height=\"27\" \/>Workshop<span style=\"color: #54c453;\"><br \/>\n<\/span><\/strong><img loading=\"lazy\" decoding=\"async\" class=\"alignnone wp-image-226070\" src=\"https:\/\/www.laviedao.com\/wp-content\/uploads\/2022\/10\/feu-formegeo.png\" alt=\"\" width=\"21\" height=\"19\" \/> <strong><span style=\"color: #c7222a;\">Healing group session from 5.45pm to 6.45pm on Saturday<\/span><br \/>\n<\/strong><strong><img loading=\"lazy\" decoding=\"async\" class=\"alignnone wp-image-224644\" src=\"https:\/\/www.laviedao.com\/wp-content\/uploads\/2022\/05\/zoom-ico.png\" alt=\"\" width=\"21\" height=\"21\" srcset=\"https:\/\/www.laviedao.com\/wp-content\/uploads\/2022\/05\/zoom-ico.png 120w, https:\/\/www.laviedao.com\/wp-content\/uploads\/2022\/05\/zoom-ico-100x100.png 100w\" sizes=\"(max-width: 21px) 100vw, 21px\" \/><\/strong> <strong>in Ard\u00e8che and by Zoom<br \/>\n<\/strong><\/p>\n<p><strong>Duration : 4 days<\/strong><\/p>\n<div>\n<p><em>[woopaywall_hide_after_purchase] You will receive the replay of this course by WeTransfer after your purchase. [\/woopaywall_hide_after_purchase]<br \/>\n<\/em><\/p>\n<\/div>\n<p>&nbsp;<\/p>\n<p>[woopaywall_show_after_purchase]<\/p>\n<\/div>\n<div class=\"et_pb_text_inner\">\n<div><\/div>\n<div><a href=\"https:\/\/vimeo.com\/899193530\">https:\/\/vimeo.com\/899193530<\/a><\/div>\n<div><\/div>\n<div><a href=\"https:\/\/vimeo.com\/899195203\">https:\/\/vimeo.com\/899195203<\/a><\/div>\n<div><\/div>\n<div><a href=\"https:\/\/vimeo.com\/899196706\">https:\/\/vimeo.com\/899196706<\/a><\/div>\n<div><\/div>\n<div><a href=\"https:\/\/vimeo.com\/899197459\">https:\/\/vimeo.com\/899197459<\/a><\/div>\n<div><\/div>\n<div><a href=\"https:\/\/vimeo.com\/899200148\">https:\/\/vimeo.com\/899200148<\/a><\/div>\n<div><\/div>\n<div><a href=\"https:\/\/vimeo.com\/899201926\">https:\/\/vimeo.com\/899201926<\/a><\/div>\n<div><\/div>\n<div><a href=\"https:\/\/vimeo.com\/899203829\">https:\/\/vimeo.com\/899203829<\/a><\/div>\n<div><\/div>\n<div><a href=\"https:\/\/vimeo.com\/899205551\">https:\/\/vimeo.com\/899205551<\/a><\/div>\n<div><\/div>\n<div><a href=\"https:\/\/vimeo.com\/901070137\">https:\/\/vimeo.com\/901070137<\/a><\/div>\n<div><\/div>\n<div>\n<p>[\/woopaywall_show_after_purchase]<\/p>\n<\/div>\n<p>&nbsp;<\/p>\n<\/div>\n<\/div>\n","protected":false},"featured_media":228709,"template":"","meta":{"_et_pb_use_builder":"on","_et_pb_old_content":"..","_et_gb_content_width":""},"product_brand":[],"product_cat":[110,109,117],"product_tag":[],"class_list":{"0":"post-228707","1":"product","2":"type-product","3":"status-publish","4":"has-post-thumbnail","6":"product_cat-replay-en","7":"product_cat-workshop","8":"product_cat-breathing","10":"first","11":"instock","12":"virtual","13":"purchasable","14":"product-type-paywall"},"_links":{"self":[{"href":"https:\/\/www.laviedao.com\/en\/wp-json\/wp\/v2\/product\/228707","targetHints":{"allow":["GET"]}}],"collection":[{"href":"https:\/\/www.laviedao.com\/en\/wp-json\/wp\/v2\/product"}],"about":[{"href":"https:\/\/www.laviedao.com\/en\/wp-json\/wp\/v2\/types\/product"}],"wp:featuredmedia":[{"embeddable":true,"href":"https:\/\/www.laviedao.com\/en\/wp-json\/wp\/v2\/media\/228709"}],"wp:attachment":[{"href":"https:\/\/www.laviedao.com\/en\/wp-json\/wp\/v2\/media?parent=228707"}],"wp:term":[{"taxonomy":"product_brand","embeddable":true,"href":"https:\/\/www.laviedao.com\/en\/wp-json\/wp\/v2\/product_brand?post=228707"},{"taxonomy":"product_cat","embeddable":true,"href":"https:\/\/www.laviedao.com\/en\/wp-json\/wp\/v2\/product_cat?post=228707"},{"taxonomy":"product_tag","embeddable":true,"href":"https:\/\/www.laviedao.com\/en\/wp-json\/wp\/v2\/product_tag?post=228707"}],"curies":[{"name":"wp","href":"https:\/\/api.w.org\/{rel}","templated":true}]}}